{"id":289,"date":"2026-02-27T08:57:34","date_gmt":"2026-02-27T07:57:34","guid":{"rendered":"http:\/\/cangari.disstintbeta.com\/contacte\/"},"modified":"2026-03-03T09:57:51","modified_gmt":"2026-03-03T08:57:51","slug":"contacte","status":"publish","type":"page","link":"https:\/\/cangari.com\/ca\/contacte\/","title":{"rendered":"Contacte"},"content":{"rendered":"\t\t<div data-elementor-type=\"wp-post\" data-elementor-id=\"289\" class=\"elementor elementor-289 elementor-150\" data-elementor-post-type=\"page\">\n\t\t\t\t<div class=\"elementor-element elementor-element-3295e91 e-flex e-con-boxed e-con e-parent\" data-id=\"3295e91\" data-element_type=\"container\" data-e-type=\"container\" data-settings=\"{&quot;background_background&quot;:&quot;gradient&quot;}\">\n\t\t\t\t\t<div class=\"e-con-inner\">\n\t\t<div class=\"elementor-element elementor-element-1e869e3 e-con-full e-flex e-con e-child\" data-id=\"1e869e3\" data-element_type=\"container\" data-e-type=\"container\">\n\t\t\t\t<div class=\"elementor-element elementor-element-b3a53f7 elementor-widget elementor-widget-heading\" data-id=\"b3a53f7\" data-element_type=\"widget\" data-e-type=\"widget\" data-widget_type=\"heading.default\">\n\t\t\t\t\t<h1 class=\"elementor-heading-title elementor-size-default\">Contacte<\/h1>\t\t\t\t<\/div>\n\t\t\t\t<div class=\"elementor-element elementor-element-b21534b elementor-widget elementor-widget-text-editor\" data-id=\"b21534b\" data-element_type=\"widget\" data-e-type=\"widget\" data-widget_type=\"text-editor.default\">\n\t\t\t\t\t\t\t\t\t<p>Si necessites informaci\u00f3, assessorament o un pressupost personalitzat, a Ca&#8217;n Gar\u00ed estarem encantats d&#8217;atendre&#8217;t. A Ca&#8217;n Gar\u00ed oferim una \u00e0mplia gamma de materials de construcci\u00f3 per cobrir les necessitats d&#8217;obres, reformes i projectes de tota mena. Treballem amb productes de qualitat i prove\u00efdors de confian\u00e7a.<\/p>\t\t\t\t\t\t\t\t<\/div>\n\t\t\t\t<\/div>\n\t\t\t\t\t<\/div>\n\t\t\t\t<\/div>\n\t\t<div class=\"elementor-element elementor-element-7f2a4cb e-flex e-con-boxed e-con e-parent\" data-id=\"7f2a4cb\" data-element_type=\"container\" data-e-type=\"container\">\n\t\t\t\t\t<div class=\"e-con-inner\">\n\t\t<div class=\"elementor-element elementor-element-1661d6a e-con-full contacto e-flex e-con e-child\" data-id=\"1661d6a\" data-element_type=\"container\" data-e-type=\"container\">\n\t\t\t\t<div class=\"elementor-element elementor-element-f213c05 elementor-widget__width-initial elementor-view-default elementor-position-block-start elementor-mobile-position-block-start elementor-widget elementor-widget-icon-box\" data-id=\"f213c05\" data-element_type=\"widget\" data-e-type=\"widget\" data-widget_type=\"icon-box.default\">\n\t\t\t\t\t\t\t<div class=\"elementor-icon-box-wrapper\">\n\n\t\t\t\t\t\t<div class=\"elementor-icon-box-icon\">\n\t\t\t\t<a href=\"https:\/\/maps.app.goo.gl\/9VH6S5GD8aNeEerXA\" target=\"_blank\" class=\"elementor-icon\" tabindex=\"-1\" aria-label=\"Direcci\u00f3\">\n\t\t\t\t<svg xmlns=\"http:\/\/www.w3.org\/2000\/svg\" width=\"40\" height=\"40\" viewBox=\"0 0 40 40\" fill=\"none\"><path d=\"M35.0001 5L24.1668 35C24.0937 35.1596 23.9763 35.2948 23.8285 35.3896C23.6808 35.4844 23.509 35.5348 23.3335 35.5348C23.1579 35.5348 22.9861 35.4844 22.8384 35.3896C22.6906 35.2948 22.5732 35.1596 22.5001 35L16.6668 23.3333L5.00012 17.5C4.84055 17.4269 4.70533 17.3095 4.61053 17.1618C4.51573 17.014 4.46533 16.8422 4.46533 16.6667C4.46533 16.4911 4.51573 16.3193 4.61053 16.1716C4.70533 16.0239 4.84055 15.9065 5.00012 15.8333L35.0001 5Z\" stroke=\"#D92031\" stroke-width=\"3.33333\" stroke-linecap=\"round\" stroke-linejoin=\"round\"><\/path><\/svg>\t\t\t\t<\/a>\n\t\t\t<\/div>\n\t\t\t\n\t\t\t\t\t\t<div class=\"elementor-icon-box-content\">\n\n\t\t\t\t\t\t\t\t\t<h3 class=\"elementor-icon-box-title\">\n\t\t\t\t\t\t<a href=\"https:\/\/maps.app.goo.gl\/9VH6S5GD8aNeEerXA\" target=\"_blank\" >\n\t\t\t\t\t\t\tDirecci\u00f3\t\t\t\t\t\t<\/a>\n\t\t\t\t\t<\/h3>\n\t\t\t\t\n\t\t\t\t\t\t\t\t\t<p class=\"elementor-icon-box-description\">\n\t\t\t\t\t\t<a href=\"https:\/\/maps.app.goo.gl\/9VH6S5GD8aNeEerXA\" target=\"_blank\">Carrer de sa Creu, 6 07520 Petra, Mallorca<\/a>\t\t\t\t\t<\/p>\n\t\t\t\t\n\t\t\t<\/div>\n\t\t\t\n\t\t<\/div>\n\t\t\t\t\t\t<\/div>\n\t\t\t\t<div class=\"elementor-element elementor-element-1e6c97e elementor-widget__width-initial elementor-view-default elementor-position-block-start elementor-mobile-position-block-start elementor-widget elementor-widget-icon-box\" data-id=\"1e6c97e\" data-element_type=\"widget\" data-e-type=\"widget\" data-widget_type=\"icon-box.default\">\n\t\t\t\t\t\t\t<div class=\"elementor-icon-box-wrapper\">\n\n\t\t\t\t\t\t<div class=\"elementor-icon-box-icon\">\n\t\t\t\t<a href=\"tel:+34971830019\" target=\"_blank\" class=\"elementor-icon\" tabindex=\"-1\" aria-label=\"Tel\u00e8fon\">\n\t\t\t\t<svg xmlns=\"http:\/\/www.w3.org\/2000\/svg\" width=\"30\" height=\"30\" viewBox=\"0 0 30 30\" fill=\"none\"><path d=\"M5.9 3.33333C6 4.81667 6.25 6.26667 6.65 7.65L4.65 9.65C3.96667 7.65 3.53333 5.53333 3.38333 3.33333H5.9ZM22.3333 23.3667C23.75 23.7667 25.2 24.0167 26.6667 24.1167V26.6C24.4667 26.45 22.35 26.0167 20.3333 25.35L22.3333 23.3667ZM7.5 0H1.66667C0.75 0 0 0.75 0 1.66667C0 17.3167 12.6833 30 28.3333 30C29.25 30 30 29.25 30 28.3333V22.5167C30 21.6 29.25 20.85 28.3333 20.85C26.2667 20.85 24.25 20.5167 22.3833 19.9C22.2183 19.8384 22.0427 19.81 21.8667 19.8167C21.4333 19.8167 21.0167 19.9833 20.6833 20.3L17.0167 23.9667C12.2924 21.5506 8.44944 17.7076 6.03333 12.9833L9.7 9.31667C10.1667 8.85 10.3 8.2 10.1167 7.61667C9.48553 5.69649 9.16483 3.68791 9.16667 1.66667C9.16667 0.75 8.41667 0 7.5 0Z\" fill=\"#D92031\"><\/path><\/svg>\t\t\t\t<\/a>\n\t\t\t<\/div>\n\t\t\t\n\t\t\t\t\t\t<div class=\"elementor-icon-box-content\">\n\n\t\t\t\t\t\t\t\t\t<h3 class=\"elementor-icon-box-title\">\n\t\t\t\t\t\t<a href=\"tel:+34971830019\" target=\"_blank\" >\n\t\t\t\t\t\t\tTel\u00e8fon\t\t\t\t\t\t<\/a>\n\t\t\t\t\t<\/h3>\n\t\t\t\t\n\t\t\t\t\t\t\t\t\t<p class=\"elementor-icon-box-description\">\n\t\t\t\t\t\t<a href=\"tel:+34971830019\">971 83 00 19<\/a>\t\t\t\t\t<\/p>\n\t\t\t\t\n\t\t\t<\/div>\n\t\t\t\n\t\t<\/div>\n\t\t\t\t\t\t<\/div>\n\t\t\t\t<div class=\"elementor-element elementor-element-0716bb9 elementor-widget__width-initial elementor-view-default elementor-position-block-start elementor-mobile-position-block-start elementor-widget elementor-widget-icon-box\" data-id=\"0716bb9\" data-element_type=\"widget\" data-e-type=\"widget\" data-widget_type=\"icon-box.default\">\n\t\t\t\t\t\t\t<div class=\"elementor-icon-box-wrapper\">\n\n\t\t\t\t\t\t<div class=\"elementor-icon-box-icon\">\n\t\t\t\t<a href=\"https:\/\/wa.me\/34627782024\" target=\"_blank\" class=\"elementor-icon\" tabindex=\"-1\" aria-label=\"WhatsApp\">\n\t\t\t\t<svg xmlns=\"http:\/\/www.w3.org\/2000\/svg\" width=\"40\" height=\"40\" viewBox=\"0 0 40 40\" fill=\"none\"><path d=\"M31.7498 8.18334C30.2216 6.64019 28.4015 5.41662 26.3957 4.58395C24.3898 3.75127 22.2383 3.32615 20.0665 3.33334C10.9665 3.33334 3.54984 10.75 3.54984 19.85C3.54984 22.7667 4.3165 25.6 5.74984 28.1L3.4165 36.6667L12.1665 34.3667C14.5832 35.6833 17.2998 36.3833 20.0665 36.3833C29.1665 36.3833 36.5832 28.9667 36.5832 19.8667C36.5832 15.45 34.8665 11.3 31.7498 8.18334ZM20.0665 33.5833C17.5998 33.5833 15.1832 32.9167 13.0665 31.6667L12.5665 31.3667L7.3665 32.7333L8.74984 27.6667L8.4165 27.15C7.04575 24.9618 6.31805 22.4321 6.3165 19.85C6.3165 12.2833 12.4832 6.11668 20.0498 6.11668C23.7165 6.11668 27.1665 7.55001 29.7498 10.15C31.0292 11.4231 32.043 12.9376 32.7325 14.6056C33.4221 16.2735 33.7735 18.0618 33.7665 19.8667C33.7998 27.4333 27.6332 33.5833 20.0665 33.5833ZM27.5998 23.3167C27.1832 23.1167 25.1498 22.1167 24.7832 21.9667C24.3998 21.8333 24.1332 21.7667 23.8498 22.1667C23.5665 22.5833 22.7832 23.5167 22.5498 23.7833C22.3165 24.0667 22.0665 24.1 21.6498 23.8833C21.2332 23.6833 19.8998 23.2333 18.3332 21.8333C17.0998 20.7333 16.2832 19.3833 16.0332 18.9667C15.7998 18.55 15.9998 18.3333 16.2165 18.1167C16.3998 17.9333 16.6332 17.6333 16.8332 17.4C17.0332 17.1667 17.1165 16.9833 17.2498 16.7167C17.3832 16.4333 17.3165 16.2 17.2165 16C17.1165 15.8 16.2832 13.7667 15.9498 12.9333C15.6165 12.1333 15.2665 12.2333 15.0165 12.2167H14.2165C13.9332 12.2167 13.4998 12.3167 13.1165 12.7333C12.7498 13.15 11.6832 14.15 11.6832 16.1833C11.6832 18.2167 13.1665 20.1833 13.3665 20.45C13.5665 20.7333 16.2832 24.9 20.4165 26.6833C21.3998 27.1167 22.1665 27.3667 22.7665 27.55C23.7498 27.8667 24.6498 27.8167 25.3665 27.7167C26.1665 27.6 27.8165 26.7167 28.1498 25.75C28.4998 24.7833 28.4998 23.9667 28.3832 23.7833C28.2665 23.6 28.0165 23.5167 27.5998 23.3167Z\" fill=\"#D92031\"><\/path><\/svg>\t\t\t\t<\/a>\n\t\t\t<\/div>\n\t\t\t\n\t\t\t\t\t\t<div class=\"elementor-icon-box-content\">\n\n\t\t\t\t\t\t\t\t\t<h3 class=\"elementor-icon-box-title\">\n\t\t\t\t\t\t<a href=\"https:\/\/wa.me\/34627782024\" target=\"_blank\" >\n\t\t\t\t\t\t\tWhatsApp\t\t\t\t\t\t<\/a>\n\t\t\t\t\t<\/h3>\n\t\t\t\t\n\t\t\t\t\t\t\t\t\t<p class=\"elementor-icon-box-description\">\n\t\t\t\t\t\t\n<a href=\"https:\/\/wa.me\/34627782024\" target=\"_blank\">627 782 024<\/a>\t\t\t\t\t<\/p>\n\t\t\t\t\n\t\t\t<\/div>\n\t\t\t\n\t\t<\/div>\n\t\t\t\t\t\t<\/div>\n\t\t\t\t<div class=\"elementor-element elementor-element-7cf09d9 elementor-widget__width-initial elementor-view-default elementor-position-block-start elementor-mobile-position-block-start elementor-widget elementor-widget-icon-box\" data-id=\"7cf09d9\" data-element_type=\"widget\" data-e-type=\"widget\" data-widget_type=\"icon-box.default\">\n\t\t\t\t\t\t\t<div class=\"elementor-icon-box-wrapper\">\n\n\t\t\t\t\t\t<div class=\"elementor-icon-box-icon\">\n\t\t\t\t<a href=\"mailto:transportsjgari@jgari.es\" class=\"elementor-icon\" tabindex=\"-1\" aria-label=\"Email\">\n\t\t\t\t<svg xmlns=\"http:\/\/www.w3.org\/2000\/svg\" width=\"40\" height=\"40\" viewBox=\"0 0 40 40\" fill=\"none\"><path d=\"M6.66683 33.3333C5.75016 33.3333 4.96572 33.0072 4.3135 32.355C3.66127 31.7027 3.33461 30.9177 3.3335 30V9.99996C3.3335 9.08329 3.66016 8.29885 4.3135 7.64663C4.96683 6.9944 5.75127 6.66774 6.66683 6.66663H33.3335C34.2502 6.66663 35.0352 6.99329 35.6885 7.64663C36.3418 8.29996 36.6679 9.0844 36.6668 9.99996V30C36.6668 30.9166 36.3407 31.7016 35.6885 32.355C35.0363 33.0083 34.2513 33.3344 33.3335 33.3333H6.66683ZM20.0002 21.6666L6.66683 13.3333V30H33.3335V13.3333L20.0002 21.6666ZM20.0002 18.3333L33.3335 9.99996H6.66683L20.0002 18.3333ZM6.66683 13.3333V9.99996V30V13.3333Z\" fill=\"#D92031\"><\/path><\/svg>\t\t\t\t<\/a>\n\t\t\t<\/div>\n\t\t\t\n\t\t\t\t\t\t<div class=\"elementor-icon-box-content\">\n\n\t\t\t\t\t\t\t\t\t<h3 class=\"elementor-icon-box-title\">\n\t\t\t\t\t\t<a href=\"mailto:transportsjgari@jgari.es\" >\n\t\t\t\t\t\t\tEmail\t\t\t\t\t\t<\/a>\n\t\t\t\t\t<\/h3>\n\t\t\t\t\n\t\t\t\t\t\t\t\t\t<p class=\"elementor-icon-box-description\">\n\t\t\t\t\t\t<a href=\"mailto:transportsjgari@jgari.es\">transportsjgari@jgari.es<\/a>\t\t\t\t\t<\/p>\n\t\t\t\t\n\t\t\t<\/div>\n\t\t\t\n\t\t<\/div>\n\t\t\t\t\t\t<\/div>\n\t\t\t\t<\/div>\n\t\t\t\t\t<\/div>\n\t\t\t\t<\/div>\n\t\t\t\t<\/div>\n\t\t","protected":false},"excerpt":{"rendered":"<p>Contacte Si necessites informaci\u00f3, assessorament o un pressupost personalitzat, a Ca&#8217;n Gar\u00ed estarem encantats d&#8217;atendre&#8217;t. A Ca&#8217;n Gar\u00ed oferim una \u00e0mplia gamma de materials de construcci\u00f3 per cobrir les necessitats d&#8217;obres, reformes i projectes de tota mena. Treballem amb productes de qualitat i prove\u00efdors de confian\u00e7a. Direcci\u00f3 Carrer de sa Creu, 6 07520 Petra, Mallorca [&hellip;]<\/p>\n","protected":false},"author":1,"featured_media":0,"parent":0,"menu_order":0,"comment_status":"closed","ping_status":"closed","template":"","meta":{"footnotes":""},"class_list":["post-289","page","type-page","status-publish","hentry"],"yoast_head":"<!-- This site is optimized with the Yoast SEO plugin v27.1.1 - https:\/\/yoast.com\/product\/yoast-seo-wordpress\/ -->\n<title>Contacte | Ca&#039;n Gar\u00ed<\/title>\n<meta name=\"description\" content=\"Contacta amb Ca&#039;n Gar\u00ed a Petra. Atenci\u00f3 propera i professional en materials de construcci\u00f3, remolcs i estufes.\" \/>\n<meta name=\"robots\" content=\"index, follow, max-snippet:-1, max-image-preview:large, max-video-preview:-1\" \/>\n<link rel=\"canonical\" href=\"https:\/\/cangari.com\/ca\/contacte\/\" \/>\n<meta property=\"og:locale\" content=\"ca_ES\" \/>\n<meta property=\"og:type\" content=\"article\" \/>\n<meta property=\"og:title\" content=\"Contacte | Ca&#039;n Gar\u00ed\" \/>\n<meta property=\"og:description\" content=\"Contacta amb Ca&#039;n Gar\u00ed a Petra. Atenci\u00f3 propera i professional en materials de construcci\u00f3, remolcs i estufes.\" \/>\n<meta property=\"og:url\" content=\"https:\/\/cangari.com\/ca\/contacte\/\" \/>\n<meta property=\"og:site_name\" content=\"Ca&#039;n Gari\" \/>\n<meta property=\"article:modified_time\" content=\"2026-03-03T08:57:51+00:00\" \/>\n<meta name=\"twitter:card\" content=\"summary_large_image\" \/>\n<script type=\"application\/ld+json\" class=\"yoast-schema-graph\">{\"@context\":\"https:\/\/schema.org\",\"@graph\":[{\"@type\":\"WebPage\",\"@id\":\"https:\/\/cangari.com\/ca\/contacte\/\",\"url\":\"https:\/\/cangari.com\/ca\/contacte\/\",\"name\":\"Contacte | Ca'n Gar\u00ed\",\"isPartOf\":{\"@id\":\"https:\/\/cangari.com\/ca\/#website\"},\"datePublished\":\"2026-02-27T07:57:34+00:00\",\"dateModified\":\"2026-03-03T08:57:51+00:00\",\"description\":\"Contacta amb Ca'n Gar\u00ed a Petra. Atenci\u00f3 propera i professional en materials de construcci\u00f3, remolcs i estufes.\",\"breadcrumb\":{\"@id\":\"https:\/\/cangari.com\/ca\/contacte\/#breadcrumb\"},\"inLanguage\":\"ca\",\"potentialAction\":[{\"@type\":\"ReadAction\",\"target\":[\"https:\/\/cangari.com\/ca\/contacte\/\"]}]},{\"@type\":\"BreadcrumbList\",\"@id\":\"https:\/\/cangari.com\/ca\/contacte\/#breadcrumb\",\"itemListElement\":[{\"@type\":\"ListItem\",\"position\":1,\"name\":\"Portada\",\"item\":\"https:\/\/cangari.com\/ca\/\"},{\"@type\":\"ListItem\",\"position\":2,\"name\":\"Contacte\"}]},{\"@type\":\"WebSite\",\"@id\":\"https:\/\/cangari.com\/ca\/#website\",\"url\":\"https:\/\/cangari.com\/ca\/\",\"name\":\"Ca&#039;n Gari\",\"description\":\"Destribuci\u00f3n de materiales de construcci\u00f3n, estufas y remolques.\",\"publisher\":{\"@id\":\"https:\/\/cangari.com\/ca\/#organization\"},\"potentialAction\":[{\"@type\":\"SearchAction\",\"target\":{\"@type\":\"EntryPoint\",\"urlTemplate\":\"https:\/\/cangari.com\/ca\/?s={search_term_string}\"},\"query-input\":{\"@type\":\"PropertyValueSpecification\",\"valueRequired\":true,\"valueName\":\"search_term_string\"}}],\"inLanguage\":\"ca\"},{\"@type\":\"Organization\",\"@id\":\"https:\/\/cangari.com\/ca\/#organization\",\"name\":\"Ca&#039;n Gari\",\"url\":\"https:\/\/cangari.com\/ca\/\",\"logo\":{\"@type\":\"ImageObject\",\"inLanguage\":\"ca\",\"@id\":\"https:\/\/cangari.com\/ca\/#\/schema\/logo\/image\/\",\"url\":\"https:\/\/cangari.com\/wp-content\/uploads\/2026\/01\/logo-rojo.svg\",\"contentUrl\":\"https:\/\/cangari.com\/wp-content\/uploads\/2026\/01\/logo-rojo.svg\",\"width\":179,\"height\":42,\"caption\":\"Ca&#039;n Gari\"},\"image\":{\"@id\":\"https:\/\/cangari.com\/ca\/#\/schema\/logo\/image\/\"}}]}<\/script>\n<!-- \/ Yoast SEO plugin. -->","yoast_head_json":{"title":"Contacte | Ca'n Gar\u00ed","description":"Contacta amb Ca'n Gar\u00ed a Petra. Atenci\u00f3 propera i professional en materials de construcci\u00f3, remolcs i estufes.","robots":{"index":"index","follow":"follow","max-snippet":"max-snippet:-1","max-image-preview":"max-image-preview:large","max-video-preview":"max-video-preview:-1"},"canonical":"https:\/\/cangari.com\/ca\/contacte\/","og_locale":"ca_ES","og_type":"article","og_title":"Contacte | Ca'n Gar\u00ed","og_description":"Contacta amb Ca'n Gar\u00ed a Petra. Atenci\u00f3 propera i professional en materials de construcci\u00f3, remolcs i estufes.","og_url":"https:\/\/cangari.com\/ca\/contacte\/","og_site_name":"Ca&#039;n Gari","article_modified_time":"2026-03-03T08:57:51+00:00","twitter_card":"summary_large_image","schema":{"@context":"https:\/\/schema.org","@graph":[{"@type":"WebPage","@id":"https:\/\/cangari.com\/ca\/contacte\/","url":"https:\/\/cangari.com\/ca\/contacte\/","name":"Contacte | Ca'n Gar\u00ed","isPartOf":{"@id":"https:\/\/cangari.com\/ca\/#website"},"datePublished":"2026-02-27T07:57:34+00:00","dateModified":"2026-03-03T08:57:51+00:00","description":"Contacta amb Ca'n Gar\u00ed a Petra. Atenci\u00f3 propera i professional en materials de construcci\u00f3, remolcs i estufes.","breadcrumb":{"@id":"https:\/\/cangari.com\/ca\/contacte\/#breadcrumb"},"inLanguage":"ca","potentialAction":[{"@type":"ReadAction","target":["https:\/\/cangari.com\/ca\/contacte\/"]}]},{"@type":"BreadcrumbList","@id":"https:\/\/cangari.com\/ca\/contacte\/#breadcrumb","itemListElement":[{"@type":"ListItem","position":1,"name":"Portada","item":"https:\/\/cangari.com\/ca\/"},{"@type":"ListItem","position":2,"name":"Contacte"}]},{"@type":"WebSite","@id":"https:\/\/cangari.com\/ca\/#website","url":"https:\/\/cangari.com\/ca\/","name":"Ca&#039;n Gari","description":"Destribuci\u00f3n de materiales de construcci\u00f3n, estufas y remolques.","publisher":{"@id":"https:\/\/cangari.com\/ca\/#organization"},"potentialAction":[{"@type":"SearchAction","target":{"@type":"EntryPoint","urlTemplate":"https:\/\/cangari.com\/ca\/?s={search_term_string}"},"query-input":{"@type":"PropertyValueSpecification","valueRequired":true,"valueName":"search_term_string"}}],"inLanguage":"ca"},{"@type":"Organization","@id":"https:\/\/cangari.com\/ca\/#organization","name":"Ca&#039;n Gari","url":"https:\/\/cangari.com\/ca\/","logo":{"@type":"ImageObject","inLanguage":"ca","@id":"https:\/\/cangari.com\/ca\/#\/schema\/logo\/image\/","url":"https:\/\/cangari.com\/wp-content\/uploads\/2026\/01\/logo-rojo.svg","contentUrl":"https:\/\/cangari.com\/wp-content\/uploads\/2026\/01\/logo-rojo.svg","width":179,"height":42,"caption":"Ca&#039;n Gari"},"image":{"@id":"https:\/\/cangari.com\/ca\/#\/schema\/logo\/image\/"}}]}},"_links":{"self":[{"href":"https:\/\/cangari.com\/ca\/wp-json\/wp\/v2\/pages\/289","targetHints":{"allow":["GET"]}}],"collection":[{"href":"https:\/\/cangari.com\/ca\/wp-json\/wp\/v2\/pages"}],"about":[{"href":"https:\/\/cangari.com\/ca\/wp-json\/wp\/v2\/types\/page"}],"author":[{"embeddable":true,"href":"https:\/\/cangari.com\/ca\/wp-json\/wp\/v2\/users\/1"}],"replies":[{"embeddable":true,"href":"https:\/\/cangari.com\/ca\/wp-json\/wp\/v2\/comments?post=289"}],"version-history":[{"count":3,"href":"https:\/\/cangari.com\/ca\/wp-json\/wp\/v2\/pages\/289\/revisions"}],"predecessor-version":[{"id":341,"href":"https:\/\/cangari.com\/ca\/wp-json\/wp\/v2\/pages\/289\/revisions\/341"}],"wp:attachment":[{"href":"https:\/\/cangari.com\/ca\/wp-json\/wp\/v2\/media?parent=289"}],"curies":[{"name":"wp","href":"https:\/\/api.w.org\/{rel}","templated":true}]}}