{"id":296,"date":"2026-02-27T08:51:38","date_gmt":"2026-02-27T07:51:38","guid":{"rendered":"http:\/\/cangari.disstintbeta.com\/materials-de-construccio\/"},"modified":"2026-03-03T09:13:04","modified_gmt":"2026-03-03T08:13:04","slug":"materials-de-construccio","status":"publish","type":"page","link":"https:\/\/cangari.com\/ca\/materials-de-construccio\/","title":{"rendered":"Materials de construcci\u00f3"},"content":{"rendered":"\t\t<div data-elementor-type=\"wp-post\" data-elementor-id=\"296\" class=\"elementor elementor-296 elementor-135\" data-elementor-post-type=\"page\">\n\t\t\t\t<div class=\"elementor-element elementor-element-3295e91 e-flex e-con-boxed e-con e-parent\" data-id=\"3295e91\" data-element_type=\"container\" data-e-type=\"container\" data-settings=\"{&quot;background_background&quot;:&quot;gradient&quot;}\">\n\t\t\t\t\t<div class=\"e-con-inner\">\n\t\t<div class=\"elementor-element elementor-element-1e869e3 e-con-full e-flex e-con e-child\" data-id=\"1e869e3\" data-element_type=\"container\" data-e-type=\"container\">\n\t\t\t\t<div class=\"elementor-element elementor-element-b3a53f7 elementor-widget elementor-widget-heading\" data-id=\"b3a53f7\" data-element_type=\"widget\" data-e-type=\"widget\" data-widget_type=\"heading.default\">\n\t\t\t\t\t<h1 class=\"elementor-heading-title elementor-size-default\">Materials de construcci\u00f3<\/h1>\t\t\t\t<\/div>\n\t\t\t\t<div class=\"elementor-element elementor-element-b21534b elementor-widget elementor-widget-text-editor\" data-id=\"b21534b\" data-element_type=\"widget\" data-e-type=\"widget\" data-widget_type=\"text-editor.default\">\n\t\t\t\t\t\t\t\t\t<p>A Ca&#8217;n Gar\u00ed oferim una \u00e0mplia gamma de materials de construcci\u00f3 per cobrir les necessitats d&#8217;obres, reformes i projectes de tota mena. Treballem amb productes de qualitat i prove\u00efdors de confian\u00e7a.<\/p>\t\t\t\t\t\t\t\t<\/div>\n\t\t\t\t<\/div>\n\t\t\t\t\t<\/div>\n\t\t\t\t<\/div>\n\t\t<div class=\"elementor-element elementor-element-f6d45da e-flex e-con-boxed e-con e-parent\" data-id=\"f6d45da\" data-element_type=\"container\" data-e-type=\"container\">\n\t\t\t\t\t<div class=\"e-con-inner\">\n\t\t<div class=\"elementor-element elementor-element-5ee4cd9 e-con-full e-flex e-con e-child\" data-id=\"5ee4cd9\" data-element_type=\"container\" data-e-type=\"container\" data-settings=\"{&quot;background_background&quot;:&quot;classic&quot;}\">\n\t\t\t\t<div class=\"elementor-element elementor-element-056bfcd elementor-widget elementor-widget-heading\" data-id=\"056bfcd\" data-element_type=\"widget\" data-e-type=\"widget\" data-widget_type=\"heading.default\">\n\t\t\t\t\t<h3 class=\"elementor-heading-title elementor-size-default\">Materials per a obra i reforma<\/h3>\t\t\t\t<\/div>\n\t\t\t\t<div class=\"elementor-element elementor-element-79aadae elementor-widget elementor-widget-text-editor\" data-id=\"79aadae\" data-element_type=\"widget\" data-e-type=\"widget\" data-widget_type=\"text-editor.default\">\n\t\t\t\t\t\t\t\t\t<p>Disposem de materials per a diferents fases de la construcci\u00f3, tant per a obra nova com per a reformes.<br>El nostre cat\u00e0leg inclou tota mena de subministraments habituals.<\/p><p>Us ajudem a seleccionar els materials adequats segons el tipus de projecte, l&#8217;\u00fas previst i el pressupost disponible.<\/p>\t\t\t\t\t\t\t\t<\/div>\n\t\t\t\t<\/div>\n\t\t<div class=\"elementor-element elementor-element-0243d9c e-con-full e-flex e-con e-child\" data-id=\"0243d9c\" data-element_type=\"container\" data-e-type=\"container\" data-settings=\"{&quot;background_background&quot;:&quot;classic&quot;}\">\n\t\t\t\t<div class=\"elementor-element elementor-element-3bc09e3 elementor-widget elementor-widget-heading\" data-id=\"3bc09e3\" data-element_type=\"widget\" data-e-type=\"widget\" data-widget_type=\"heading.default\">\n\t\t\t\t\t<h3 class=\"elementor-heading-title elementor-size-default\">Subministrament per a professionals i particulars<\/h3>\t\t\t\t<\/div>\n\t\t\t\t<div class=\"elementor-element elementor-element-810ea48 elementor-widget elementor-widget-text-editor\" data-id=\"810ea48\" data-element_type=\"widget\" data-e-type=\"widget\" data-widget_type=\"text-editor.default\">\n\t\t\t\t\t\t\t\t\t<p>Atenem tant empreses de construcci\u00f3 i professionals del sector com particulars que necessiten materials per a reformes o millores al seu habitatge.<\/p><p>Ens adaptem a cada client oferint un servei \u00e0gil, proper i orientat a facilitar el desenvolupament del projecte.<\/p>\t\t\t\t\t\t\t\t<\/div>\n\t\t\t\t<\/div>\n\t\t<div class=\"elementor-element elementor-element-2c5eaef e-con-full e-flex e-con e-child\" data-id=\"2c5eaef\" data-element_type=\"container\" data-e-type=\"container\" data-settings=\"{&quot;background_background&quot;:&quot;classic&quot;}\">\n\t\t\t\t<div class=\"elementor-element elementor-element-ced5f47 elementor-widget elementor-widget-heading\" data-id=\"ced5f47\" data-element_type=\"widget\" data-e-type=\"widget\" data-widget_type=\"heading.default\">\n\t\t\t\t\t<h3 class=\"elementor-heading-title elementor-size-default\">Assessorament personalitzat<\/h3>\t\t\t\t<\/div>\n\t\t\t\t<div class=\"elementor-element elementor-element-cb2094b elementor-widget elementor-widget-text-editor\" data-id=\"cb2094b\" data-element_type=\"widget\" data-e-type=\"widget\" data-widget_type=\"text-editor.default\">\n\t\t\t\t\t\t\t\t\t<p>El nostre equip t&#8217;assessora de forma directa perqu\u00e8 prenguis decisions encertades i evitis imprevistos.<\/p><p>L&#8217;experi\u00e8ncia i el coneixement del sector ens permeten oferir solucions pr\u00e0ctiques i eficients.<\/p>\t\t\t\t\t\t\t\t<\/div>\n\t\t\t\t<\/div>\n\t\t\t\t\t<\/div>\n\t\t\t\t<\/div>\n\t\t\t\t<\/div>\n\t\t","protected":false},"excerpt":{"rendered":"<p>Materials de construcci\u00f3 A Ca&#8217;n Gar\u00ed oferim una \u00e0mplia gamma de materials de construcci\u00f3 per cobrir les necessitats d&#8217;obres, reformes i projectes de tota mena. Treballem amb productes de qualitat i prove\u00efdors de confian\u00e7a. Materials per a obra i reforma Disposem de materials per a diferents fases de la construcci\u00f3, tant per a obra nova [&hellip;]<\/p>\n","protected":false},"author":1,"featured_media":0,"parent":0,"menu_order":0,"comment_status":"closed","ping_status":"closed","template":"","meta":{"footnotes":""},"class_list":["post-296","page","type-page","status-publish","hentry"],"yoast_head":"<!-- This site is optimized with the Yoast SEO plugin v27.1.1 - https:\/\/yoast.com\/product\/yoast-seo-wordpress\/ -->\n<title>Materials de construcci\u00f3 a Mallorca | Ca&#039;n Gar\u00ed<\/title>\n<meta name=\"description\" content=\"Materials de construcci\u00f3 a Mallorca per a obra i reforma. Servei proper i assessorament professional.\" \/>\n<meta name=\"robots\" content=\"index, follow, max-snippet:-1, max-image-preview:large, max-video-preview:-1\" \/>\n<link rel=\"canonical\" href=\"https:\/\/cangari.com\/ca\/materials-de-construccio\/\" \/>\n<meta property=\"og:locale\" content=\"ca_ES\" \/>\n<meta property=\"og:type\" content=\"article\" \/>\n<meta property=\"og:title\" content=\"Materials de construcci\u00f3 a Mallorca | Ca&#039;n Gar\u00ed\" \/>\n<meta property=\"og:description\" content=\"Materials de construcci\u00f3 a Mallorca per a obra i reforma. Servei proper i assessorament professional.\" \/>\n<meta property=\"og:url\" content=\"https:\/\/cangari.com\/ca\/materials-de-construccio\/\" \/>\n<meta property=\"og:site_name\" content=\"Ca&#039;n Gari\" \/>\n<meta property=\"article:modified_time\" content=\"2026-03-03T08:13:04+00:00\" \/>\n<meta name=\"twitter:card\" content=\"summary_large_image\" \/>\n<meta name=\"twitter:label1\" content=\"Temps estimat de lectura\" \/>\n\t<meta name=\"twitter:data1\" content=\"1 minut\" \/>\n<script type=\"application\/ld+json\" class=\"yoast-schema-graph\">{\"@context\":\"https:\/\/schema.org\",\"@graph\":[{\"@type\":\"WebPage\",\"@id\":\"https:\/\/cangari.com\/ca\/materials-de-construccio\/\",\"url\":\"https:\/\/cangari.com\/ca\/materials-de-construccio\/\",\"name\":\"Materials de construcci\u00f3 a Mallorca | Ca'n Gar\u00ed\",\"isPartOf\":{\"@id\":\"https:\/\/cangari.com\/ca\/#website\"},\"datePublished\":\"2026-02-27T07:51:38+00:00\",\"dateModified\":\"2026-03-03T08:13:04+00:00\",\"description\":\"Materials de construcci\u00f3 a Mallorca per a obra i reforma. Servei proper i assessorament professional.\",\"breadcrumb\":{\"@id\":\"https:\/\/cangari.com\/ca\/materials-de-construccio\/#breadcrumb\"},\"inLanguage\":\"ca\",\"potentialAction\":[{\"@type\":\"ReadAction\",\"target\":[\"https:\/\/cangari.com\/ca\/materials-de-construccio\/\"]}]},{\"@type\":\"BreadcrumbList\",\"@id\":\"https:\/\/cangari.com\/ca\/materials-de-construccio\/#breadcrumb\",\"itemListElement\":[{\"@type\":\"ListItem\",\"position\":1,\"name\":\"Portada\",\"item\":\"https:\/\/cangari.com\/ca\/\"},{\"@type\":\"ListItem\",\"position\":2,\"name\":\"Materials de construcci\u00f3\"}]},{\"@type\":\"WebSite\",\"@id\":\"https:\/\/cangari.com\/ca\/#website\",\"url\":\"https:\/\/cangari.com\/ca\/\",\"name\":\"Ca&#039;n Gari\",\"description\":\"Destribuci\u00f3n de materiales de construcci\u00f3n, estufas y remolques.\",\"publisher\":{\"@id\":\"https:\/\/cangari.com\/ca\/#organization\"},\"potentialAction\":[{\"@type\":\"SearchAction\",\"target\":{\"@type\":\"EntryPoint\",\"urlTemplate\":\"https:\/\/cangari.com\/ca\/?s={search_term_string}\"},\"query-input\":{\"@type\":\"PropertyValueSpecification\",\"valueRequired\":true,\"valueName\":\"search_term_string\"}}],\"inLanguage\":\"ca\"},{\"@type\":\"Organization\",\"@id\":\"https:\/\/cangari.com\/ca\/#organization\",\"name\":\"Ca&#039;n Gari\",\"url\":\"https:\/\/cangari.com\/ca\/\",\"logo\":{\"@type\":\"ImageObject\",\"inLanguage\":\"ca\",\"@id\":\"https:\/\/cangari.com\/ca\/#\/schema\/logo\/image\/\",\"url\":\"https:\/\/cangari.com\/wp-content\/uploads\/2026\/01\/logo-rojo.svg\",\"contentUrl\":\"https:\/\/cangari.com\/wp-content\/uploads\/2026\/01\/logo-rojo.svg\",\"width\":179,\"height\":42,\"caption\":\"Ca&#039;n Gari\"},\"image\":{\"@id\":\"https:\/\/cangari.com\/ca\/#\/schema\/logo\/image\/\"}}]}<\/script>\n<!-- \/ Yoast SEO plugin. -->","yoast_head_json":{"title":"Materials de construcci\u00f3 a Mallorca | Ca'n Gar\u00ed","description":"Materials de construcci\u00f3 a Mallorca per a obra i reforma. Servei proper i assessorament professional.","robots":{"index":"index","follow":"follow","max-snippet":"max-snippet:-1","max-image-preview":"max-image-preview:large","max-video-preview":"max-video-preview:-1"},"canonical":"https:\/\/cangari.com\/ca\/materials-de-construccio\/","og_locale":"ca_ES","og_type":"article","og_title":"Materials de construcci\u00f3 a Mallorca | Ca'n Gar\u00ed","og_description":"Materials de construcci\u00f3 a Mallorca per a obra i reforma. Servei proper i assessorament professional.","og_url":"https:\/\/cangari.com\/ca\/materials-de-construccio\/","og_site_name":"Ca&#039;n Gari","article_modified_time":"2026-03-03T08:13:04+00:00","twitter_card":"summary_large_image","twitter_misc":{"Temps estimat de lectura":"1 minut"},"schema":{"@context":"https:\/\/schema.org","@graph":[{"@type":"WebPage","@id":"https:\/\/cangari.com\/ca\/materials-de-construccio\/","url":"https:\/\/cangari.com\/ca\/materials-de-construccio\/","name":"Materials de construcci\u00f3 a Mallorca | Ca'n Gar\u00ed","isPartOf":{"@id":"https:\/\/cangari.com\/ca\/#website"},"datePublished":"2026-02-27T07:51:38+00:00","dateModified":"2026-03-03T08:13:04+00:00","description":"Materials de construcci\u00f3 a Mallorca per a obra i reforma. Servei proper i assessorament professional.","breadcrumb":{"@id":"https:\/\/cangari.com\/ca\/materials-de-construccio\/#breadcrumb"},"inLanguage":"ca","potentialAction":[{"@type":"ReadAction","target":["https:\/\/cangari.com\/ca\/materials-de-construccio\/"]}]},{"@type":"BreadcrumbList","@id":"https:\/\/cangari.com\/ca\/materials-de-construccio\/#breadcrumb","itemListElement":[{"@type":"ListItem","position":1,"name":"Portada","item":"https:\/\/cangari.com\/ca\/"},{"@type":"ListItem","position":2,"name":"Materials de construcci\u00f3"}]},{"@type":"WebSite","@id":"https:\/\/cangari.com\/ca\/#website","url":"https:\/\/cangari.com\/ca\/","name":"Ca&#039;n Gari","description":"Destribuci\u00f3n de materiales de construcci\u00f3n, estufas y remolques.","publisher":{"@id":"https:\/\/cangari.com\/ca\/#organization"},"potentialAction":[{"@type":"SearchAction","target":{"@type":"EntryPoint","urlTemplate":"https:\/\/cangari.com\/ca\/?s={search_term_string}"},"query-input":{"@type":"PropertyValueSpecification","valueRequired":true,"valueName":"search_term_string"}}],"inLanguage":"ca"},{"@type":"Organization","@id":"https:\/\/cangari.com\/ca\/#organization","name":"Ca&#039;n Gari","url":"https:\/\/cangari.com\/ca\/","logo":{"@type":"ImageObject","inLanguage":"ca","@id":"https:\/\/cangari.com\/ca\/#\/schema\/logo\/image\/","url":"https:\/\/cangari.com\/wp-content\/uploads\/2026\/01\/logo-rojo.svg","contentUrl":"https:\/\/cangari.com\/wp-content\/uploads\/2026\/01\/logo-rojo.svg","width":179,"height":42,"caption":"Ca&#039;n Gari"},"image":{"@id":"https:\/\/cangari.com\/ca\/#\/schema\/logo\/image\/"}}]}},"_links":{"self":[{"href":"https:\/\/cangari.com\/ca\/wp-json\/wp\/v2\/pages\/296","targetHints":{"allow":["GET"]}}],"collection":[{"href":"https:\/\/cangari.com\/ca\/wp-json\/wp\/v2\/pages"}],"about":[{"href":"https:\/\/cangari.com\/ca\/wp-json\/wp\/v2\/types\/page"}],"author":[{"embeddable":true,"href":"https:\/\/cangari.com\/ca\/wp-json\/wp\/v2\/users\/1"}],"replies":[{"embeddable":true,"href":"https:\/\/cangari.com\/ca\/wp-json\/wp\/v2\/comments?post=296"}],"version-history":[{"count":2,"href":"https:\/\/cangari.com\/ca\/wp-json\/wp\/v2\/pages\/296\/revisions"}],"predecessor-version":[{"id":325,"href":"https:\/\/cangari.com\/ca\/wp-json\/wp\/v2\/pages\/296\/revisions\/325"}],"wp:attachment":[{"href":"https:\/\/cangari.com\/ca\/wp-json\/wp\/v2\/media?parent=296"}],"curies":[{"name":"wp","href":"https:\/\/api.w.org\/{rel}","templated":true}]}}